{"id":790,"date":"2025-04-09T23:37:26","date_gmt":"2025-04-09T21:37:26","guid":{"rendered":"https:\/\/mecamoule.com\/our-history\/"},"modified":"2026-02-24T23:09:03","modified_gmt":"2026-02-24T22:09:03","slug":"our-history","status":"publish","type":"page","link":"https:\/\/mecamoule.com\/en\/our-history\/","title":{"rendered":"OUR HISTORY"},"content":{"rendered":"\t\t<div data-elementor-type=\"wp-page\" data-elementor-id=\"790\" class=\"elementor elementor-790 elementor-260\">\n\t\t\t\t<div class=\"wd-negative-gap elementor-element elementor-element-cee842e wd-section-stretch e-flex e-con-boxed e-con e-parent\" data-id=\"cee842e\" data-element_type=\"container\" data-settings=\"{&quot;background_background&quot;:&quot;classic&quot;}\">\n\t\t\t\t\t<div class=\"e-con-inner\">\n\t\t<div class=\"elementor-element elementor-element-7a04b84 e-con-full e-flex e-con e-child\" data-id=\"7a04b84\" data-element_type=\"container\">\n\t\t\t\t<div class=\"elementor-element elementor-element-b3b481f wd-width-100 elementor-widget elementor-widget-wd_title\" data-id=\"b3b481f\" data-element_type=\"widget\" data-widget_type=\"wd_title.default\">\n\t\t\t\t<div class=\"elementor-widget-container\">\n\t\t\t\t\t\t\t<div class=\"title-wrapper wd-set-mb reset-last-child wd-title-color-white wd-title-style-default wd-title-size-extra-large text-center\">\n\n\t\t\t\n\t\t\t<div class=\"liner-continer\">\n\t\t\t\t<h1 class=\"woodmart-title-container title wd-fontsize-xxxl\">OUR HISTORY<\/h1> \n\t\t\t\t\t\t\t<\/div>\n\n\t\t\t\t\t<\/div>\n\t\t\t\t\t\t<\/div>\n\t\t\t\t<\/div>\n\t\t\t\t<\/div>\n\t\t\t\t\t<\/div>\n\t\t\t\t<\/div>\n\t\t<div class=\"wd-negative-gap elementor-element elementor-element-f754927 wd-section-stretch e-flex e-con-boxed e-con e-parent\" data-id=\"f754927\" data-element_type=\"container\">\n\t\t\t\t\t<div class=\"e-con-inner\">\n\t\t\t\t\t<link rel=\"stylesheet\" id=\"wd-int-elem-opt-sticky-column-css\" href=\"https:\/\/mecamoule.com\/wp-content\/themes\/woodmart\/css\/parts\/int-elem-opt-sticky-column.min.css?ver=8.1.1\" type=\"text\/css\" media=\"all\" \/> \t\t\t<div class=\"wd-sticky-container-lg elementor-element elementor-element-1c6bc50 e-con-full e-flex e-con e-child\" data-id=\"1c6bc50\" data-element_type=\"container\">\n\t\t\t\t<div class=\"elementor-element elementor-element-7e583a0 elementor-widget elementor-widget-video\" data-id=\"7e583a0\" data-element_type=\"widget\" data-settings=\"{&quot;youtube_url&quot;:&quot;https:\\\/\\\/www.youtube.com\\\/watch?v=SJ_K_HMCYhM&quot;,&quot;autoplay&quot;:&quot;yes&quot;,&quot;mute&quot;:&quot;yes&quot;,&quot;video_type&quot;:&quot;youtube&quot;,&quot;controls&quot;:&quot;yes&quot;}\" data-widget_type=\"video.default\">\n\t\t\t\t<div class=\"elementor-widget-container\">\n\t\t\t\t\t\t\t<div class=\"elementor-wrapper elementor-open-inline\">\n\t\t\t<div class=\"elementor-video\"><\/div>\t\t<\/div>\n\t\t\t\t\t\t<\/div>\n\t\t\t\t<\/div>\n\t\t\t\t<\/div>\n\t\t<div class=\"elementor-element elementor-element-fc92ec2 e-con-full e-flex e-con e-child\" data-id=\"fc92ec2\" data-element_type=\"container\">\n\t\t\t\t<div class=\"elementor-element elementor-element-eabc46f wd-width-100 elementor-widget elementor-widget-wd_title\" data-id=\"eabc46f\" data-element_type=\"widget\" data-widget_type=\"wd_title.default\">\n\t\t\t\t<div class=\"elementor-widget-container\">\n\t\t\t\t\t\t\t<div class=\"title-wrapper wd-set-mb reset-last-child wd-title-color-default wd-title-style-default wd-title-size-extra-large text-left\">\n\n\t\t\t\n\t\t\t<div class=\"liner-continer\">\n\t\t\t\t<h1 class=\"woodmart-title-container title wd-fontsize-xxxl\">THE SPECIALIST IN CUSTOM-MADE MOULDS<\/h1> \n\t\t\t\t\t\t\t<\/div>\n\n\t\t\t\t\t<\/div>\n\t\t\t\t\t\t<\/div>\n\t\t\t\t<\/div>\n\t\t\t\t<div class=\"elementor-element elementor-element-ef3cdff color-scheme-inherit text-left elementor-widget elementor-widget-text-editor\" data-id=\"ef3cdff\" data-element_type=\"widget\" data-widget_type=\"text-editor.default\">\n\t\t\t\t<div class=\"elementor-widget-container\">\n\t\t\t\t\t\t\t\t\t<p>The M\u00e9ca Moule adventure began in 1991, driven by Ren\u00e9 Pierre Chappaz and Marc Bon-Betemps. Together, they founded the company with a clear ambition: to provide quality moulds for precast concrete manufacturers. <\/p><p>In response to growing demand, M\u00e9ca Moule experienced steady development. During the 2000s, a new high-performance production tool was implemented, enabling the company to efficiently meet market requirements.<\/p><p>During the 2010s, Marc Bon-Betemps handed over management to Ren\u00e9 Pierre Chappaz. Despite a challenging economic context, he ensured the continuity of operations and continued the company\u2019s growth.<\/p><h2>A NEW IMPULSE<\/h2><p>In 2023, a new milestone was reached with the arrival of Alexis Labarre at the head of M\u00e9ca Moule. This handover marks the beginning of a new chapter, aimed at continuing development, industrializing processes and gradually opening up to international markets \u2014 while preserving the values that built the company\u2019s reputation.<\/p><p>Alexis Labarre is supported by the R\u00e9seau Entreprendre Savoie network, and in the video below you will discover the story behind his takeover\u2026<\/p>\t\t\t\t\t\t\t\t<\/div>\n\t\t\t\t<\/div>\n\t\t\t\t<\/div>\n\t\t\t\t\t<\/div>\n\t\t\t\t<\/div>\n\t\t\t\t<\/div>\n\t\t","protected":false},"excerpt":{"rendered":"<p>OUR HISTORY THE SPECIALIST IN CUSTOM-MADE MOULDS The M\u00e9ca Moule adventure began in 1991, driven by Ren\u00e9 Pierre Chappaz and<\/p>\n","protected":false},"author":1,"featured_media":0,"parent":0,"menu_order":0,"comment_status":"closed","ping_status":"closed","template":"","meta":{"om_disable_all_campaigns":false,"_monsterinsights_skip_tracking":false,"_monsterinsights_sitenote_active":false,"_monsterinsights_sitenote_note":"","_monsterinsights_sitenote_category":0,"footnotes":""},"class_list":["post-790","page","type-page","status-publish","hentry"],"yoast_head":"<!-- This site is optimized with the Yoast SEO plugin v26.1.1 - https:\/\/yoast.com\/wordpress\/plugins\/seo\/ -->\n<title>OUR HISTORY - M\u00e9ca Moule<\/title>\n<meta name=\"description\" content=\"Depuis plus de 30 ans, MECAMOULE fabrique des moules b\u00e9ton pr\u00e9fabriqu\u00e9 et acier sur mesure pour blocs b\u00e9ton, dalles et bordures, alliant savoir-faire et innovation industrielle.\" \/>\n<meta name=\"robots\" content=\"index, follow, max-snippet:-1, max-image-preview:large, max-video-preview:-1\" \/>\n<link rel=\"canonical\" href=\"https:\/\/mecamoule.com\/en\/our-history\/\" \/>\n<meta property=\"og:locale\" content=\"en_US\" \/>\n<meta property=\"og:type\" content=\"article\" \/>\n<meta property=\"og:title\" content=\"OUR HISTORY - M\u00e9ca Moule\" \/>\n<meta property=\"og:description\" content=\"Depuis plus de 30 ans, MECAMOULE fabrique des moules b\u00e9ton pr\u00e9fabriqu\u00e9 et acier sur mesure pour blocs b\u00e9ton, dalles et bordures, alliant savoir-faire et innovation industrielle.\" \/>\n<meta property=\"og:url\" content=\"https:\/\/mecamoule.com\/en\/our-history\/\" \/>\n<meta property=\"og:site_name\" content=\"M\u00e9ca Moule\" \/>\n<meta property=\"article:modified_time\" content=\"2026-02-24T22:09:03+00:00\" \/>\n<meta name=\"twitter:card\" content=\"summary_large_image\" \/>\n<meta name=\"twitter:label1\" content=\"Est. reading time\" \/>\n\t<meta name=\"twitter:data1\" content=\"1 minute\" \/>\n<script type=\"application\/ld+json\" class=\"yoast-schema-graph\">{\"@context\":\"https:\/\/schema.org\",\"@graph\":[{\"@type\":\"WebPage\",\"@id\":\"https:\/\/mecamoule.com\/en\/our-history\/\",\"url\":\"https:\/\/mecamoule.com\/en\/our-history\/\",\"name\":\"OUR HISTORY - M\u00e9ca Moule\",\"isPartOf\":{\"@id\":\"https:\/\/mecamoule.com\/en\/#website\"},\"datePublished\":\"2025-04-09T21:37:26+00:00\",\"dateModified\":\"2026-02-24T22:09:03+00:00\",\"description\":\"Depuis plus de 30 ans, MECAMOULE fabrique des moules b\u00e9ton pr\u00e9fabriqu\u00e9 et acier sur mesure pour blocs b\u00e9ton, dalles et bordures, alliant savoir-faire et innovation industrielle.\",\"breadcrumb\":{\"@id\":\"https:\/\/mecamoule.com\/en\/our-history\/#breadcrumb\"},\"inLanguage\":\"en-US\",\"potentialAction\":[{\"@type\":\"ReadAction\",\"target\":[\"https:\/\/mecamoule.com\/en\/our-history\/\"]}]},{\"@type\":\"BreadcrumbList\",\"@id\":\"https:\/\/mecamoule.com\/en\/our-history\/#breadcrumb\",\"itemListElement\":[{\"@type\":\"ListItem\",\"position\":1,\"name\":\"Accueil\",\"item\":\"https:\/\/mecamoule.com\/en\/home-page\/\"},{\"@type\":\"ListItem\",\"position\":2,\"name\":\"OUR HISTORY\"}]},{\"@type\":\"WebSite\",\"@id\":\"https:\/\/mecamoule.com\/en\/#website\",\"url\":\"https:\/\/mecamoule.com\/en\/\",\"name\":\"M\u00e9ca Moule\",\"description\":\"Fabricant de moules en acier pour l&#039;industrie des blocs b\u00e9ton\",\"potentialAction\":[{\"@type\":\"SearchAction\",\"target\":{\"@type\":\"EntryPoint\",\"urlTemplate\":\"https:\/\/mecamoule.com\/en\/?s={search_term_string}\"},\"query-input\":{\"@type\":\"PropertyValueSpecification\",\"valueRequired\":true,\"valueName\":\"search_term_string\"}}],\"inLanguage\":\"en-US\"}]}<\/script>\n<!-- \/ Yoast SEO plugin. -->","yoast_head_json":{"title":"OUR HISTORY - M\u00e9ca Moule","description":"Depuis plus de 30 ans, MECAMOULE fabrique des moules b\u00e9ton pr\u00e9fabriqu\u00e9 et acier sur mesure pour blocs b\u00e9ton, dalles et bordures, alliant savoir-faire et innovation industrielle.","robots":{"index":"index","follow":"follow","max-snippet":"max-snippet:-1","max-image-preview":"max-image-preview:large","max-video-preview":"max-video-preview:-1"},"canonical":"https:\/\/mecamoule.com\/en\/our-history\/","og_locale":"en_US","og_type":"article","og_title":"OUR HISTORY - M\u00e9ca Moule","og_description":"Depuis plus de 30 ans, MECAMOULE fabrique des moules b\u00e9ton pr\u00e9fabriqu\u00e9 et acier sur mesure pour blocs b\u00e9ton, dalles et bordures, alliant savoir-faire et innovation industrielle.","og_url":"https:\/\/mecamoule.com\/en\/our-history\/","og_site_name":"M\u00e9ca Moule","article_modified_time":"2026-02-24T22:09:03+00:00","twitter_card":"summary_large_image","twitter_misc":{"Est. reading time":"1 minute"},"schema":{"@context":"https:\/\/schema.org","@graph":[{"@type":"WebPage","@id":"https:\/\/mecamoule.com\/en\/our-history\/","url":"https:\/\/mecamoule.com\/en\/our-history\/","name":"OUR HISTORY - M\u00e9ca Moule","isPartOf":{"@id":"https:\/\/mecamoule.com\/en\/#website"},"datePublished":"2025-04-09T21:37:26+00:00","dateModified":"2026-02-24T22:09:03+00:00","description":"Depuis plus de 30 ans, MECAMOULE fabrique des moules b\u00e9ton pr\u00e9fabriqu\u00e9 et acier sur mesure pour blocs b\u00e9ton, dalles et bordures, alliant savoir-faire et innovation industrielle.","breadcrumb":{"@id":"https:\/\/mecamoule.com\/en\/our-history\/#breadcrumb"},"inLanguage":"en-US","potentialAction":[{"@type":"ReadAction","target":["https:\/\/mecamoule.com\/en\/our-history\/"]}]},{"@type":"BreadcrumbList","@id":"https:\/\/mecamoule.com\/en\/our-history\/#breadcrumb","itemListElement":[{"@type":"ListItem","position":1,"name":"Accueil","item":"https:\/\/mecamoule.com\/en\/home-page\/"},{"@type":"ListItem","position":2,"name":"OUR HISTORY"}]},{"@type":"WebSite","@id":"https:\/\/mecamoule.com\/en\/#website","url":"https:\/\/mecamoule.com\/en\/","name":"M\u00e9ca Moule","description":"Fabricant de moules en acier pour l&#039;industrie des blocs b\u00e9ton","potentialAction":[{"@type":"SearchAction","target":{"@type":"EntryPoint","urlTemplate":"https:\/\/mecamoule.com\/en\/?s={search_term_string}"},"query-input":{"@type":"PropertyValueSpecification","valueRequired":true,"valueName":"search_term_string"}}],"inLanguage":"en-US"}]}},"_links":{"self":[{"href":"https:\/\/mecamoule.com\/en\/wp-json\/wp\/v2\/pages\/790","targetHints":{"allow":["GET"]}}],"collection":[{"href":"https:\/\/mecamoule.com\/en\/wp-json\/wp\/v2\/pages"}],"about":[{"href":"https:\/\/mecamoule.com\/en\/wp-json\/wp\/v2\/types\/page"}],"author":[{"embeddable":true,"href":"https:\/\/mecamoule.com\/en\/wp-json\/wp\/v2\/users\/1"}],"replies":[{"embeddable":true,"href":"https:\/\/mecamoule.com\/en\/wp-json\/wp\/v2\/comments?post=790"}],"version-history":[{"count":1,"href":"https:\/\/mecamoule.com\/en\/wp-json\/wp\/v2\/pages\/790\/revisions"}],"predecessor-version":[{"id":791,"href":"https:\/\/mecamoule.com\/en\/wp-json\/wp\/v2\/pages\/790\/revisions\/791"}],"wp:attachment":[{"href":"https:\/\/mecamoule.com\/en\/wp-json\/wp\/v2\/media?parent=790"}],"curies":[{"name":"wp","href":"https:\/\/api.w.org\/{rel}","templated":true}]}}