{"id":812,"date":"2025-05-13T08:40:29","date_gmt":"2025-05-13T06:40:29","guid":{"rendered":"https:\/\/mecamoule.com\/moulds-for-kerbs\/"},"modified":"2026-02-26T00:35:17","modified_gmt":"2026-02-25T23:35:17","slug":"moulds-for-kerbs","status":"publish","type":"page","link":"https:\/\/mecamoule.com\/en\/moulds-for-kerbs\/","title":{"rendered":"MOULDS FOR KERBS"},"content":{"rendered":"\t\t<div data-elementor-type=\"wp-page\" data-elementor-id=\"812\" class=\"elementor elementor-812 elementor-478\">\n\t\t\t\t<div class=\"wd-negative-gap elementor-element elementor-element-cee842e wd-section-stretch e-flex e-con-boxed e-con e-parent\" data-id=\"cee842e\" data-element_type=\"container\" data-settings=\"{&quot;background_background&quot;:&quot;classic&quot;}\">\n\t\t\t\t\t<div class=\"e-con-inner\">\n\t\t<div class=\"elementor-element elementor-element-7a04b84 e-con-full e-flex e-con e-child\" data-id=\"7a04b84\" data-element_type=\"container\">\n\t\t\t\t<div class=\"elementor-element elementor-element-b3b481f wd-width-100 elementor-widget elementor-widget-wd_title\" data-id=\"b3b481f\" data-element_type=\"widget\" data-widget_type=\"wd_title.default\">\n\t\t\t\t<div class=\"elementor-widget-container\">\n\t\t\t\t\t\t\t<div class=\"title-wrapper wd-set-mb reset-last-child wd-title-color-white wd-title-style-default wd-title-size-extra-large text-center\">\n\n\t\t\t\n\t\t\t<div class=\"liner-continer\">\n\t\t\t\t<h1 class=\"woodmart-title-container title wd-fontsize-xxxl\">Kerbs<\/h1> \n\t\t\t\t\t\t\t<\/div>\n\n\t\t\t\t\t<\/div>\n\t\t\t\t\t\t<\/div>\n\t\t\t\t<\/div>\n\t\t\t\t<\/div>\n\t\t\t\t\t<\/div>\n\t\t\t\t<\/div>\n\t\t<div class=\"wd-negative-gap elementor-element elementor-element-f754927 wd-section-stretch e-flex e-con-boxed e-con e-parent\" data-id=\"f754927\" data-element_type=\"container\">\n\t\t\t\t\t<div class=\"e-con-inner\">\n\t\t\t\t\t<link rel=\"stylesheet\" id=\"wd-int-elem-opt-sticky-column-css\" href=\"https:\/\/mecamoule.com\/wp-content\/themes\/woodmart\/css\/parts\/int-elem-opt-sticky-column.min.css?ver=8.1.1\" type=\"text\/css\" media=\"all\" \/> \t\t\t<div class=\"wd-sticky-container-lg elementor-element elementor-element-1c6bc50 e-con-full e-flex e-con e-child\" data-id=\"1c6bc50\" data-element_type=\"container\">\n\t\t\t\t<div class=\"elementor-element elementor-element-b6516d1 elementor-widget elementor-widget-image\" data-id=\"b6516d1\" data-element_type=\"widget\" data-widget_type=\"image.default\">\n\t\t\t\t<div class=\"elementor-widget-container\">\n\t\t\t\t\t\t\t\t\t\t\t\t\t\t\t<img fetchpriority=\"high\" decoding=\"async\" width=\"1920\" height=\"1440\" src=\"https:\/\/mecamoule.com\/wp-content\/uploads\/2025\/05\/Bordures-1.jpg\" class=\"attachment-full size-full wp-image-811\" alt=\"Steel mold for concrete edging \u2013 custom design MECAMOULE.\" srcset=\"https:\/\/mecamoule.com\/wp-content\/uploads\/2025\/05\/Bordures-1.jpg 1920w, https:\/\/mecamoule.com\/wp-content\/uploads\/2025\/05\/Bordures-1-300x225.jpg 300w, https:\/\/mecamoule.com\/wp-content\/uploads\/2025\/05\/Bordures-1-1024x768.jpg 1024w, https:\/\/mecamoule.com\/wp-content\/uploads\/2025\/05\/Bordures-1-768x576.jpg 768w, https:\/\/mecamoule.com\/wp-content\/uploads\/2025\/05\/Bordures-1-1536x1152.jpg 1536w, https:\/\/mecamoule.com\/wp-content\/uploads\/2025\/05\/Bordures-1-800x600.jpg 800w\" sizes=\"(max-width: 1920px) 100vw, 1920px\" \/>\t\t\t\t\t\t\t\t\t\t\t\t\t\t\t<\/div>\n\t\t\t\t<\/div>\n\t\t\t\t<\/div>\n\t\t<div class=\"elementor-element elementor-element-fc92ec2 e-con-full e-flex e-con e-child\" data-id=\"fc92ec2\" data-element_type=\"container\">\n\t\t\t\t<div class=\"elementor-element elementor-element-97f6cc5 wd-width-100 elementor-widget elementor-widget-wd_title\" data-id=\"97f6cc5\" data-element_type=\"widget\" data-widget_type=\"wd_title.default\">\n\t\t\t\t<div class=\"elementor-widget-container\">\n\t\t\t\t\t\t\t<div class=\"title-wrapper wd-set-mb reset-last-child wd-title-color-default wd-title-style-default wd-title-size-extra-large text-left\">\n\n\t\t\t\n\t\t\t<div class=\"liner-continer\">\n\t\t\t\t<h1 class=\"woodmart-title-container title wd-fontsize-xxxl\">MOULDS FOR KERBS <\/h1> \n\t\t\t\t\t\t\t<\/div>\n\n\t\t\t\t\t<\/div>\n\t\t\t\t\t\t<\/div>\n\t\t\t\t<\/div>\n\t\t\t\t<div class=\"elementor-element elementor-element-ef3cdff color-scheme-inherit text-left elementor-widget elementor-widget-text-editor\" data-id=\"ef3cdff\" data-element_type=\"widget\" data-widget_type=\"text-editor.default\">\n\t\t\t\t<div class=\"elementor-widget-container\">\n\t\t\t\t\t\t\t\t\t<p><strong>A robust solution for clean and durable kerbs<\/strong><\/p><p>Our kerb moulds are developed to meet the technical and aesthetic requirements of road products. Whether for standard kerbs or special shapes, we adapt each mould to your machine and your specifications.<\/p><p><strong>The advantages of our kerb moulds :<\/strong><\/p><ul><li>High-quality finish and sharp edges<\/li><li>Long service life thanks to high-performance materials and treatments<\/li><li>Simplified demoulding, even for complex shapes<\/li><li>Manufacturing adapted to both low production rates and high-volume production<\/li><li>Full customization: chamfers, grooves, recesses\u2026<\/li><\/ul><p>Optional:<br>Specific punches, interchangeable parts, quick adjustments.<\/p>\t\t\t\t\t\t\t\t<\/div>\n\t\t\t\t<\/div>\n\t\t\t\t<\/div>\n\t\t\t\t\t<\/div>\n\t\t\t\t<\/div>\n\t\t<div class=\"wd-negative-gap elementor-element elementor-element-813b87c wd-section-stretch e-flex e-con-boxed e-con e-parent\" data-id=\"813b87c\" data-element_type=\"container\">\n\t\t\t\t\t<div class=\"e-con-inner\">\n\t\t\t\t<div class=\"elementor-element elementor-element-a00ca93 wd-width-100 elementor-widget elementor-widget-wd_images_gallery\" data-id=\"a00ca93\" data-element_type=\"widget\" data-widget_type=\"wd_images_gallery.default\">\n\t\t\t\t<div class=\"elementor-widget-container\">\n\t\t\t\t\t\t\t<div class=\"wd-images-gallery photoswipe-images wd-carousel-container\" style=\"--wd-align-items:center; --wd-justify-content:center;\">\n\t\t\t\t\t\t\t<div class=\"wd-carousel-inner\">\n\t\t\t\t\t\t<div class=\"wd-carousel wd-grid\" data-speed=\"5000\" data-wrap=\"yes\" data-autoplay=\"yes\" data-autoheight=\"yes\" data-scroll_per_page=\"yes\" style=\"--wd-col-lg:2;--wd-col-md:2;--wd-col-sm:1;--wd-gap-lg:20px;--wd-gap-sm:10px;\">\n\t\t\t\t\t\t\t\t\t<div class=\"wd-carousel-wrap\">\n\t\t\t\t\t\t\t\t\t\t\t\t\t\t\t\t\t\t<div class=\"wd-gallery-item wd-carousel-item\">\n\t\t\t\t\t\t\t\t\t\t\t\t\t<a  href=\"https:\/\/mecamoule.com\/wp-content\/uploads\/2025\/05\/Bordures-2.jpg\" data-width=\"1920\" data-height=\"1440\" data-index=\"1\" data-elementor-open-lightbox=\"no\">\n\t\t\t\t\t\t\n\t\t\t\t\t\t<img decoding=\"async\" width=\"800\" height=\"600\" src=\"https:\/\/mecamoule.com\/wp-content\/uploads\/2025\/05\/Bordures-2-800x600.jpg\" class=\"attachment-800x600 size-800x600\" alt=\"Moule acier pour bordures b\u00e9ton \u2013 conception sur mesure MECAMOULE assurant pr\u00e9cision et durabilit\u00e9.\" srcset=\"https:\/\/mecamoule.com\/wp-content\/uploads\/2025\/05\/Bordures-2-800x600.jpg 800w, https:\/\/mecamoule.com\/wp-content\/uploads\/2025\/05\/Bordures-2-300x225.jpg 300w, https:\/\/mecamoule.com\/wp-content\/uploads\/2025\/05\/Bordures-2-1024x768.jpg 1024w, https:\/\/mecamoule.com\/wp-content\/uploads\/2025\/05\/Bordures-2-768x576.jpg 768w, https:\/\/mecamoule.com\/wp-content\/uploads\/2025\/05\/Bordures-2-1536x1152.jpg 1536w, https:\/\/mecamoule.com\/wp-content\/uploads\/2025\/05\/Bordures-2.jpg 1920w\" sizes=\"(max-width: 800px) 100vw, 800px\" \/>\n\t\t\t\t\t\t\t\t\t\t\t\t\t<\/a>\n\t\t\t\t\t\t\t\t\t\t\t<\/div>\n\t\t\t\t\t\t\t\t\t\t\t\t\t\t\t<div class=\"wd-gallery-item wd-carousel-item\">\n\t\t\t\t\t\t\t\t\t\t\t\t\t<a  href=\"https:\/\/mecamoule.com\/wp-content\/uploads\/2025\/05\/Bordures-3.jpg\" data-width=\"1920\" data-height=\"1440\" data-index=\"2\" data-elementor-open-lightbox=\"no\">\n\t\t\t\t\t\t\n\t\t\t\t\t\t<img decoding=\"async\" width=\"800\" height=\"600\" src=\"https:\/\/mecamoule.com\/wp-content\/uploads\/2025\/05\/Bordures-3-800x600.jpg\" class=\"attachment-800x600 size-800x600\" alt=\"D\u00e9tail d\u2019un moule pour bordures b\u00e9ton pr\u00e9fabriqu\u00e9es \u2013 finition et alignement parfaits pour une production r\u00e9guli\u00e8re.\" srcset=\"https:\/\/mecamoule.com\/wp-content\/uploads\/2025\/05\/Bordures-3-800x600.jpg 800w, https:\/\/mecamoule.com\/wp-content\/uploads\/2025\/05\/Bordures-3-300x225.jpg 300w, https:\/\/mecamoule.com\/wp-content\/uploads\/2025\/05\/Bordures-3-1024x768.jpg 1024w, https:\/\/mecamoule.com\/wp-content\/uploads\/2025\/05\/Bordures-3-768x576.jpg 768w, https:\/\/mecamoule.com\/wp-content\/uploads\/2025\/05\/Bordures-3-1536x1152.jpg 1536w, https:\/\/mecamoule.com\/wp-content\/uploads\/2025\/05\/Bordures-3.jpg 1920w\" sizes=\"(max-width: 800px) 100vw, 800px\" \/>\n\t\t\t\t\t\t\t\t\t\t\t\t\t<\/a>\n\t\t\t\t\t\t\t\t\t\t\t<\/div>\n\t\t\t\t\t\t\t\t\t\t\t\t\t\t\t\t<\/div>\n\t\t\t\t\t\t\t\t<\/div>\n\t\t\t\t\t\t\t\n\t\t\t\t<\/div>\n\n\t\t\t\t\t\t<div class=\"wd-nav-pagin-wrap text-center wd-style-shape wd-hide-md-sm\">\n\t\t\t<ul class=\"wd-nav-pagin\"><\/ul>\n\t\t<\/div>\n\t\t\t\t\t\t\t\t\t\t\t<\/div>\n\t\t\t\t\t\t<\/div>\n\t\t\t\t<\/div>\n\t\t\t\t\t<\/div>\n\t\t\t\t<\/div>\n\t\t<div class=\"wd-negative-gap elementor-element elementor-element-22f2496 wd-section-stretch e-flex e-con-boxed e-con e-parent\" data-id=\"22f2496\" data-element_type=\"container\">\n\t\t\t\t\t<div class=\"e-con-inner\">\n\t\t<div class=\"elementor-element elementor-element-dbb4d58 e-con-full e-flex e-con e-child\" data-id=\"dbb4d58\" data-element_type=\"container\">\n\t\t\t\t<div class=\"elementor-element elementor-element-24bd717 elementor-widget__width-inherit elementor-widget elementor-widget-wd_infobox\" data-id=\"24bd717\" data-element_type=\"widget\" data-widget_type=\"wd_infobox.default\">\n\t\t\t\t<div class=\"elementor-widget-container\">\n\t\t\t\t\t\t\t<div class=\"info-box-wrapper\">\n\t\t\t<div class=\"wd-info-box text-center box-icon-align-top box-style-shadow color-scheme- with-btn box-btn-static\">\n\t\t\t\t\t\t\t\t\t<div class=\"box-icon-wrapper  box-with-icon box-icon-simple\">\n\t\t\t\t\t\t<div class=\"info-box-icon\">\n\t\t\t\t\t\t\t\t\t\t\t\t\t\t\t<img loading=\"lazy\" decoding=\"async\" width=\"60\" height=\"60\" src=\"https:\/\/mecamoule.com\/wp-content\/uploads\/2025\/05\/bloc-de-beton-60x60.png\" class=\"attachment-x60 size-x60\" alt=\"\" srcset=\"https:\/\/mecamoule.com\/wp-content\/uploads\/2025\/05\/bloc-de-beton-60x60.png 60w, https:\/\/mecamoule.com\/wp-content\/uploads\/2025\/05\/bloc-de-beton-150x150.png 150w, https:\/\/mecamoule.com\/wp-content\/uploads\/2025\/05\/bloc-de-beton.png 256w\" sizes=\"(max-width: 60px) 100vw, 60px\" \/>\t\t\t\t\t\t\t\t\t\t\t\t\t<\/div>\n\t\t\t\t\t<\/div>\n\t\t\t\t\n\t\t\t\t<div class=\"info-box-content\">\n\t\t\t\t\t\n\t\t\t\t\t\t\t\t\t\t\t<h3\t\t\t\t\t\tclass=\"info-box-title title box-title-style-default wd-fontsize-xl\" data-elementor-setting-key=\"title\">\n\t\t\t\t\t\t\t\tConcrete Block Molds\t\t\t\t\t\t<\/h3>\n\t\t\t\t\t\n\t\t\t\t\t<div class=\"info-box-inner reset-last-child\"data-elementor-setting-key=\"content\"><\/div>\n\n\t\t\t\t\t\t\t\t\t\t\t<div class=\"info-btn-wrapper\">\n\t\t\t\t\t\t\t\t\t<div class=\"wd-button-wrapper text-center\" >\n\t\t\t<a class=\"btn btn-style-link btn-shape- btn-size-extra-small btn-icon-pos-right\"  href=\"https:\/\/mecamoule.com\/en\/moulds-for-concrete-blocks\/\">\n\t\t\t\t<span class=\"wd-btn-text\" data-elementor-setting-key=\"text\">\n\t\t\t\t\tLEARN MORE\t\t\t\t<\/span>\n\n\t\t\t\t\t\t\t<\/a>\n\t\t<\/div>\n\t\t\t\t\t\t\t\t<\/div>\n\t\t\t\t\t\t\t\t\t<\/div>\n\n\t\t\t\t\t\t\t<\/div>\n\t\t<\/div>\n\t\t\t\t\t\t<\/div>\n\t\t\t\t<\/div>\n\t\t\t\t<\/div>\n\t\t<div class=\"elementor-element elementor-element-3e51e11 e-con-full e-flex e-con e-child\" data-id=\"3e51e11\" data-element_type=\"container\">\n\t\t\t\t<div class=\"elementor-element elementor-element-b77fd02 elementor-widget__width-inherit elementor-widget elementor-widget-wd_infobox\" data-id=\"b77fd02\" data-element_type=\"widget\" data-widget_type=\"wd_infobox.default\">\n\t\t\t\t<div class=\"elementor-widget-container\">\n\t\t\t\t\t\t\t<div class=\"info-box-wrapper\">\n\t\t\t<div class=\"wd-info-box text-center box-icon-align-top box-style-shadow color-scheme- with-btn box-btn-static\">\n\t\t\t\t\t\t\t\t\t<div class=\"box-icon-wrapper  box-with-icon box-icon-simple\">\n\t\t\t\t\t\t<div class=\"info-box-icon\">\n\t\t\t\t\t\t\t\t\t\t\t\t\t\t\t<img loading=\"lazy\" decoding=\"async\" width=\"60\" height=\"60\" src=\"https:\/\/mecamoule.com\/wp-content\/uploads\/2025\/05\/nature-60x60.png\" class=\"attachment-x60 size-x60\" alt=\"\" srcset=\"https:\/\/mecamoule.com\/wp-content\/uploads\/2025\/05\/nature-60x60.png 60w, https:\/\/mecamoule.com\/wp-content\/uploads\/2025\/05\/nature-150x150.png 150w, https:\/\/mecamoule.com\/wp-content\/uploads\/2025\/05\/nature.png 256w\" sizes=\"(max-width: 60px) 100vw, 60px\" \/>\t\t\t\t\t\t\t\t\t\t\t\t\t<\/div>\n\t\t\t\t\t<\/div>\n\t\t\t\t\n\t\t\t\t<div class=\"info-box-content\">\n\t\t\t\t\t\n\t\t\t\t\t\t\t\t\t\t\t<h4\t\t\t\t\t\tclass=\"info-box-title title box-title-style-default wd-fontsize-xl\" data-elementor-setting-key=\"title\">\n\t\t\t\t\t\t\t\tMussels Paving Stones\t\t\t\t\t\t<\/h4>\n\t\t\t\t\t\n\t\t\t\t\t<div class=\"info-box-inner reset-last-child\"data-elementor-setting-key=\"content\"><\/div>\n\n\t\t\t\t\t\t\t\t\t\t\t<div class=\"info-btn-wrapper\">\n\t\t\t\t\t\t\t\t\t<div class=\"wd-button-wrapper text-center\" >\n\t\t\t<a class=\"btn btn-style-link btn-shape- btn-size-extra-small btn-icon-pos-right\"  href=\"https:\/\/mecamoule.com\/moules-pour-paves\/\">\n\t\t\t\t<span class=\"wd-btn-text\" data-elementor-setting-key=\"text\">\n\t\t\t\t\tLEARN MORE\t\t\t\t<\/span>\n\n\t\t\t\t\t\t\t<\/a>\n\t\t<\/div>\n\t\t\t\t\t\t\t\t<\/div>\n\t\t\t\t\t\t\t\t\t<\/div>\n\n\t\t\t\t\t\t\t<\/div>\n\t\t<\/div>\n\t\t\t\t\t\t<\/div>\n\t\t\t\t<\/div>\n\t\t\t\t<\/div>\n\t\t<div class=\"elementor-element elementor-element-8d6c840 e-con-full e-flex e-con e-child\" data-id=\"8d6c840\" data-element_type=\"container\">\n\t\t\t\t<div class=\"elementor-element elementor-element-a0db2b3 elementor-widget__width-inherit elementor-widget elementor-widget-wd_infobox\" data-id=\"a0db2b3\" data-element_type=\"widget\" data-widget_type=\"wd_infobox.default\">\n\t\t\t\t<div class=\"elementor-widget-container\">\n\t\t\t\t\t\t\t<div class=\"info-box-wrapper\">\n\t\t\t<div class=\"wd-info-box text-center box-icon-align-top box-style-shadow color-scheme- with-btn box-btn-static\">\n\t\t\t\t\t\t\t\t\t<div class=\"box-icon-wrapper  box-with-icon box-icon-simple\">\n\t\t\t\t\t\t<div class=\"info-box-icon\">\n\t\t\t\t\t\t\t\t\t\t\t\t\t\t\t<img loading=\"lazy\" decoding=\"async\" width=\"60\" height=\"60\" src=\"https:\/\/mecamoule.com\/wp-content\/uploads\/2025\/05\/construction-60x60.png\" class=\"attachment-x60 size-x60\" alt=\"\" srcset=\"https:\/\/mecamoule.com\/wp-content\/uploads\/2025\/05\/construction-60x60.png 60w, https:\/\/mecamoule.com\/wp-content\/uploads\/2025\/05\/construction-150x150.png 150w, https:\/\/mecamoule.com\/wp-content\/uploads\/2025\/05\/construction.png 256w\" sizes=\"(max-width: 60px) 100vw, 60px\" \/>\t\t\t\t\t\t\t\t\t\t\t\t\t<\/div>\n\t\t\t\t\t<\/div>\n\t\t\t\t\n\t\t\t\t<div class=\"info-box-content\">\n\t\t\t\t\t\n\t\t\t\t\t\t\t\t\t\t\t<h3\t\t\t\t\t\tclass=\"info-box-title title box-title-style-default wd-fontsize-xl\" data-elementor-setting-key=\"title\">\n\t\t\t\t\t\t\t\tMoules Dalles\t\t\t\t\t\t<\/h3>\n\t\t\t\t\t\n\t\t\t\t\t<div class=\"info-box-inner reset-last-child\"data-elementor-setting-key=\"content\"><\/div>\n\n\t\t\t\t\t\t\t\t\t\t\t<div class=\"info-btn-wrapper\">\n\t\t\t\t\t\t\t\t\t<div class=\"wd-button-wrapper text-center\" >\n\t\t\t<a class=\"btn btn-style-link btn-shape- btn-size-extra-small btn-icon-pos-right\"  href=\"https:\/\/mecamoule.com\/moules-pour-dalles\/\">\n\t\t\t\t<span class=\"wd-btn-text\" data-elementor-setting-key=\"text\">\n\t\t\t\t\tLEARN MORE\t\t\t\t<\/span>\n\n\t\t\t\t\t\t\t<\/a>\n\t\t<\/div>\n\t\t\t\t\t\t\t\t<\/div>\n\t\t\t\t\t\t\t\t\t<\/div>\n\n\t\t\t\t\t\t\t<\/div>\n\t\t<\/div>\n\t\t\t\t\t\t<\/div>\n\t\t\t\t<\/div>\n\t\t\t\t<\/div>\n\t\t\t\t\t<\/div>\n\t\t\t\t<\/div>\n\t\t\t\t<\/div>\n\t\t","protected":false},"excerpt":{"rendered":"<p>Kerbs MOULDS FOR KERBS A robust solution for clean and durable kerbs Our kerb moulds are developed to meet the<\/p>\n","protected":false},"author":1,"featured_media":0,"parent":0,"menu_order":0,"comment_status":"closed","ping_status":"closed","template":"","meta":{"om_disable_all_campaigns":false,"_monsterinsights_skip_tracking":false,"_monsterinsights_sitenote_active":false,"_monsterinsights_sitenote_note":"","_monsterinsights_sitenote_category":0,"footnotes":""},"class_list":["post-812","page","type-page","status-publish","hentry"],"yoast_head":"<!-- This site is optimized with the Yoast SEO plugin v26.1.1 - https:\/\/yoast.com\/wordpress\/plugins\/seo\/ -->\n<title>MOULDS FOR KERBS - M\u00e9ca Moule<\/title>\n<meta name=\"description\" content=\"Prefabricated concrete molds for curbs and sidewalks. Fabrication sur mesure et qualit\u00e9 industrielle pour la production de bordures b\u00e9ton pr\u00e9cises et r\u00e9sistantes.\" \/>\n<meta name=\"robots\" content=\"index, follow, max-snippet:-1, max-image-preview:large, max-video-preview:-1\" \/>\n<link rel=\"canonical\" href=\"https:\/\/mecamoule.com\/en\/moulds-for-kerbs\/\" \/>\n<meta property=\"og:locale\" content=\"en_US\" \/>\n<meta property=\"og:type\" content=\"article\" \/>\n<meta property=\"og:title\" content=\"MOULDS FOR KERBS - M\u00e9ca Moule\" \/>\n<meta property=\"og:description\" content=\"Prefabricated concrete molds for curbs and sidewalks. Fabrication sur mesure et qualit\u00e9 industrielle pour la production de bordures b\u00e9ton pr\u00e9cises et r\u00e9sistantes.\" \/>\n<meta property=\"og:url\" content=\"https:\/\/mecamoule.com\/en\/moulds-for-kerbs\/\" \/>\n<meta property=\"og:site_name\" content=\"M\u00e9ca Moule\" \/>\n<meta property=\"article:modified_time\" content=\"2026-02-25T23:35:17+00:00\" \/>\n<meta property=\"og:image\" content=\"https:\/\/mecamoule.com\/wp-content\/uploads\/2025\/05\/Bordures-1.jpg\" \/>\n\t<meta property=\"og:image:width\" content=\"1920\" \/>\n\t<meta property=\"og:image:height\" content=\"1440\" \/>\n\t<meta property=\"og:image:type\" content=\"image\/jpeg\" \/>\n<meta name=\"twitter:card\" content=\"summary_large_image\" \/>\n<meta name=\"twitter:label1\" content=\"Est. reading time\" \/>\n\t<meta name=\"twitter:data1\" content=\"1 minute\" \/>\n<script type=\"application\/ld+json\" class=\"yoast-schema-graph\">{\"@context\":\"https:\/\/schema.org\",\"@graph\":[{\"@type\":\"WebPage\",\"@id\":\"https:\/\/mecamoule.com\/en\/moulds-for-kerbs\/\",\"url\":\"https:\/\/mecamoule.com\/en\/moulds-for-kerbs\/\",\"name\":\"MOULDS FOR KERBS - M\u00e9ca Moule\",\"isPartOf\":{\"@id\":\"https:\/\/mecamoule.com\/en\/#website\"},\"primaryImageOfPage\":{\"@id\":\"https:\/\/mecamoule.com\/en\/moulds-for-kerbs\/#primaryimage\"},\"image\":{\"@id\":\"https:\/\/mecamoule.com\/en\/moulds-for-kerbs\/#primaryimage\"},\"thumbnailUrl\":\"https:\/\/mecamoule.com\/wp-content\/uploads\/2025\/05\/Bordures-1.jpg\",\"datePublished\":\"2025-05-13T06:40:29+00:00\",\"dateModified\":\"2026-02-25T23:35:17+00:00\",\"description\":\"Prefabricated concrete molds for curbs and sidewalks. Fabrication sur mesure et qualit\u00e9 industrielle pour la production de bordures b\u00e9ton pr\u00e9cises et r\u00e9sistantes.\",\"breadcrumb\":{\"@id\":\"https:\/\/mecamoule.com\/en\/moulds-for-kerbs\/#breadcrumb\"},\"inLanguage\":\"en-US\",\"potentialAction\":[{\"@type\":\"ReadAction\",\"target\":[\"https:\/\/mecamoule.com\/en\/moulds-for-kerbs\/\"]}]},{\"@type\":\"ImageObject\",\"inLanguage\":\"en-US\",\"@id\":\"https:\/\/mecamoule.com\/en\/moulds-for-kerbs\/#primaryimage\",\"url\":\"https:\/\/mecamoule.com\/wp-content\/uploads\/2025\/05\/Bordures-1.jpg\",\"contentUrl\":\"https:\/\/mecamoule.com\/wp-content\/uploads\/2025\/05\/Bordures-1.jpg\"},{\"@type\":\"BreadcrumbList\",\"@id\":\"https:\/\/mecamoule.com\/en\/moulds-for-kerbs\/#breadcrumb\",\"itemListElement\":[{\"@type\":\"ListItem\",\"position\":1,\"name\":\"Accueil\",\"item\":\"https:\/\/mecamoule.com\/en\/home-page\/\"},{\"@type\":\"ListItem\",\"position\":2,\"name\":\"MOULDS FOR KERBS\"}]},{\"@type\":\"WebSite\",\"@id\":\"https:\/\/mecamoule.com\/en\/#website\",\"url\":\"https:\/\/mecamoule.com\/en\/\",\"name\":\"M\u00e9ca Moule\",\"description\":\"Fabricant de moules en acier pour l&#039;industrie des blocs b\u00e9ton\",\"potentialAction\":[{\"@type\":\"SearchAction\",\"target\":{\"@type\":\"EntryPoint\",\"urlTemplate\":\"https:\/\/mecamoule.com\/en\/?s={search_term_string}\"},\"query-input\":{\"@type\":\"PropertyValueSpecification\",\"valueRequired\":true,\"valueName\":\"search_term_string\"}}],\"inLanguage\":\"en-US\"}]}<\/script>\n<!-- \/ Yoast SEO plugin. -->","yoast_head_json":{"title":"MOULDS FOR KERBS - M\u00e9ca Moule","description":"Prefabricated concrete molds for curbs and sidewalks. Fabrication sur mesure et qualit\u00e9 industrielle pour la production de bordures b\u00e9ton pr\u00e9cises et r\u00e9sistantes.","robots":{"index":"index","follow":"follow","max-snippet":"max-snippet:-1","max-image-preview":"max-image-preview:large","max-video-preview":"max-video-preview:-1"},"canonical":"https:\/\/mecamoule.com\/en\/moulds-for-kerbs\/","og_locale":"en_US","og_type":"article","og_title":"MOULDS FOR KERBS - M\u00e9ca Moule","og_description":"Prefabricated concrete molds for curbs and sidewalks. Fabrication sur mesure et qualit\u00e9 industrielle pour la production de bordures b\u00e9ton pr\u00e9cises et r\u00e9sistantes.","og_url":"https:\/\/mecamoule.com\/en\/moulds-for-kerbs\/","og_site_name":"M\u00e9ca Moule","article_modified_time":"2026-02-25T23:35:17+00:00","og_image":[{"width":1920,"height":1440,"url":"https:\/\/mecamoule.com\/wp-content\/uploads\/2025\/05\/Bordures-1.jpg","type":"image\/jpeg"}],"twitter_card":"summary_large_image","twitter_misc":{"Est. reading time":"1 minute"},"schema":{"@context":"https:\/\/schema.org","@graph":[{"@type":"WebPage","@id":"https:\/\/mecamoule.com\/en\/moulds-for-kerbs\/","url":"https:\/\/mecamoule.com\/en\/moulds-for-kerbs\/","name":"MOULDS FOR KERBS - M\u00e9ca Moule","isPartOf":{"@id":"https:\/\/mecamoule.com\/en\/#website"},"primaryImageOfPage":{"@id":"https:\/\/mecamoule.com\/en\/moulds-for-kerbs\/#primaryimage"},"image":{"@id":"https:\/\/mecamoule.com\/en\/moulds-for-kerbs\/#primaryimage"},"thumbnailUrl":"https:\/\/mecamoule.com\/wp-content\/uploads\/2025\/05\/Bordures-1.jpg","datePublished":"2025-05-13T06:40:29+00:00","dateModified":"2026-02-25T23:35:17+00:00","description":"Prefabricated concrete molds for curbs and sidewalks. Fabrication sur mesure et qualit\u00e9 industrielle pour la production de bordures b\u00e9ton pr\u00e9cises et r\u00e9sistantes.","breadcrumb":{"@id":"https:\/\/mecamoule.com\/en\/moulds-for-kerbs\/#breadcrumb"},"inLanguage":"en-US","potentialAction":[{"@type":"ReadAction","target":["https:\/\/mecamoule.com\/en\/moulds-for-kerbs\/"]}]},{"@type":"ImageObject","inLanguage":"en-US","@id":"https:\/\/mecamoule.com\/en\/moulds-for-kerbs\/#primaryimage","url":"https:\/\/mecamoule.com\/wp-content\/uploads\/2025\/05\/Bordures-1.jpg","contentUrl":"https:\/\/mecamoule.com\/wp-content\/uploads\/2025\/05\/Bordures-1.jpg"},{"@type":"BreadcrumbList","@id":"https:\/\/mecamoule.com\/en\/moulds-for-kerbs\/#breadcrumb","itemListElement":[{"@type":"ListItem","position":1,"name":"Accueil","item":"https:\/\/mecamoule.com\/en\/home-page\/"},{"@type":"ListItem","position":2,"name":"MOULDS FOR KERBS"}]},{"@type":"WebSite","@id":"https:\/\/mecamoule.com\/en\/#website","url":"https:\/\/mecamoule.com\/en\/","name":"M\u00e9ca Moule","description":"Fabricant de moules en acier pour l&#039;industrie des blocs b\u00e9ton","potentialAction":[{"@type":"SearchAction","target":{"@type":"EntryPoint","urlTemplate":"https:\/\/mecamoule.com\/en\/?s={search_term_string}"},"query-input":{"@type":"PropertyValueSpecification","valueRequired":true,"valueName":"search_term_string"}}],"inLanguage":"en-US"}]}},"_links":{"self":[{"href":"https:\/\/mecamoule.com\/en\/wp-json\/wp\/v2\/pages\/812","targetHints":{"allow":["GET"]}}],"collection":[{"href":"https:\/\/mecamoule.com\/en\/wp-json\/wp\/v2\/pages"}],"about":[{"href":"https:\/\/mecamoule.com\/en\/wp-json\/wp\/v2\/types\/page"}],"author":[{"embeddable":true,"href":"https:\/\/mecamoule.com\/en\/wp-json\/wp\/v2\/users\/1"}],"replies":[{"embeddable":true,"href":"https:\/\/mecamoule.com\/en\/wp-json\/wp\/v2\/comments?post=812"}],"version-history":[{"count":1,"href":"https:\/\/mecamoule.com\/en\/wp-json\/wp\/v2\/pages\/812\/revisions"}],"predecessor-version":[{"id":813,"href":"https:\/\/mecamoule.com\/en\/wp-json\/wp\/v2\/pages\/812\/revisions\/813"}],"wp:attachment":[{"href":"https:\/\/mecamoule.com\/en\/wp-json\/wp\/v2\/media?parent=812"}],"curies":[{"name":"wp","href":"https:\/\/api.w.org\/{rel}","templated":true}]}}